{"id":875,"date":"2022-12-07T16:36:01","date_gmt":"2022-12-07T15:36:01","guid":{"rendered":"https:\/\/control-protection.be\/our-work\/"},"modified":"2025-01-03T09:58:57","modified_gmt":"2025-01-03T08:58:57","slug":"nos-references","status":"publish","type":"page","link":"https:\/\/control-protection.be\/fr\/nos-references\/","title":{"rendered":"Nouvelles"},"content":{"rendered":"<div class=\"column\">\n\t<div class=\"rw-boostu-wrapper rw-page-opener \" style=\"background-image: url(https:\/\/control-protection.be\/wp-content\/uploads\/2023\/01\/headway-5QgIuuBxKwM-unsplash.jpg)\">\n    <div class=\"wpbf-container\">\n        <div class=\"page-opener-text\">\n            <h1>Nouvelles<\/h1>\n            <p><\/p>\n        <\/div>\n            <\/div>\n<\/div>\n\n<svg class=\"svg\">\n\t<clipPath id=\"bird-path\" clipPathUnits=\"objectBoundingBox\"><path d=\"M0.75,0.582 L0.5,0.874 C0.334,1,0.153,1,0,0.874 l0.25,-0.291 C0.112,0.422,0.112,0.161,0.25,0 l0.25,0.291 c0.138,-0.161,0.362,-0.161,0.5,0 L0.75,0.582\"\/><\/clipPath>\n<\/svg>\n\n<svg class=\"svg\">\n\t<clipPath id=\"header-path\" clipPathUnits=\"objectBoundingBox\"><path d=\"M0,0.771 V0 h1 v0.771 l-0.171,0.135 c-0.107,0.087,-0.196,0.114,-0.285,0.079 L0,0.771\"\/><\/clipPath>\n<\/svg>\n<div class=\"rw-boostu-wrapper rw-whitespace\"><\/div><div class=\"rw-boostu-wrapper rw-shortcode\" id=\"work\">\n    <div class=\"wpbf-container\">\n        <form data-sf-form-id='1132' data-is-rtl='0' data-maintain-state='' data-results-url='https:\/\/control-protection.be\/fr\/nos-references\/' data-ajax-url='https:\/\/control-protection.be\/fr\/?sfid=1132&amp;sf_action=get_data&amp;sf_data=results' data-ajax-form-url='https:\/\/control-protection.be\/fr\/?sfid=1132&amp;sf_action=get_data&amp;sf_data=form' data-display-result-method='shortcode' data-use-history-api='1' data-template-loaded='0' data-lang-code='fr' data-ajax='1' data-ajax-data-type='json' data-ajax-links-selector='.pagination a' data-ajax-target='#search-filter-results-1132' data-ajax-pagination-type='normal' data-update-ajax-url='1' data-only-results-ajax='1' data-scroll-to-pos='0' data-init-paged='1' data-auto-update='1' action='https:\/\/control-protection.be\/fr\/nos-references\/' method='post' class='searchandfilter' id='search-filter-form-1132' autocomplete='off' data-instance-count='1'><ul><li class=\"sf-field-category\" data-sf-field-name=\"_sft_category\" data-sf-field-type=\"category\" data-sf-field-input-type=\"radio\">\t\t<ul class=\"\">\r\n\t\t\t\r\n\t\t\t<li class=\"sf-level-0 sf-item-0 sf-option-active\" data-sf-count=\"0\" data-sf-depth=\"0\"><input  class=\"sf-input-radio\" type=\"radio\" value=\"\" name=\"_sft_category[]\" checked=\"checked\" id=\"sf-input-267b222de32934f7982831995d979b9e\"><label class=\"sf-label-radio\" for=\"sf-input-267b222de32934f7982831995d979b9e\">All<\/label><\/li><li class=\"sf-level-0 sf-item-71\" data-sf-count=\"1\" data-sf-depth=\"0\"><input  class=\"sf-input-radio\" type=\"radio\" value=\"automation-fr\" name=\"_sft_category[]\" id=\"sf-input-922aac6e8793d1542676cd8026cd24fb\"><label class=\"sf-label-radio\" for=\"sf-input-922aac6e8793d1542676cd8026cd24fb\">Automation<\/label><\/li><li class=\"sf-level-0 sf-item-4\" data-sf-count=\"8\" data-sf-depth=\"0\"><input  class=\"sf-input-radio\" type=\"radio\" value=\"not-classified-fr\" name=\"_sft_category[]\" id=\"sf-input-cb569ed3e163eea6cd4bc5f66c99b8fc\"><label class=\"sf-label-radio\" for=\"sf-input-cb569ed3e163eea6cd4bc5f66c99b8fc\">FLASH INFO<\/label><\/li><li class=\"sf-level-0 sf-item-87\" data-sf-count=\"3\" data-sf-depth=\"0\"><input  class=\"sf-input-radio\" type=\"radio\" value=\"training-services-fr\" name=\"_sft_category[]\" id=\"sf-input-400d3adf0d29c74432b27c07039b5cd2\"><label class=\"sf-label-radio\" for=\"sf-input-400d3adf0d29c74432b27c07039b5cd2\">Formations &amp; Services<\/label><\/li><li class=\"sf-level-0 sf-item-86\" data-sf-count=\"6\" data-sf-depth=\"0\"><input  class=\"sf-input-radio\" type=\"radio\" value=\"metrology-fr\" name=\"_sft_category[]\" id=\"sf-input-eb293ef3012569a1928342554886b6b0\"><label class=\"sf-label-radio\" for=\"sf-input-eb293ef3012569a1928342554886b6b0\">M\u00e9trologie<\/label><\/li>\t\t<\/ul>\r\n\t\t<\/li><\/ul><\/form>\r\n<div class=\"search-filter-results\" id=\"search-filter-results-1132\">\n\t<div class=\"search-filter-results-list\">\n\t    \n            <a href=\"https:\/\/control-protection.be\/fr\/distributeur-officiel-demazys\/\" class=\"filter-item\">\n                <p class=\"cat\">M\u00e9trologie<\/p>\n                <img decoding=\"async\" src=\"https:\/\/control-protection.be\/wp-content\/uploads\/2026\/03\/Solarpanels-chelsea-WvusC5M-TM8-unsplash-scaled.jpg\" alt=\"\">    \n                <div class=\"filter-item-text\">\n                    <p class=\"date\">12 mai 2026<\/p>\n                    <h3>Distributeur officiel d&rsquo;Emazys<\/h3>\n                    <p><p>Vul hier een korte intro\/samenvatting over het event in het FRANS<\/p>\n<\/p>\n                    <p class=\"arrow-btn\">Lire plus<\/p>\n                <\/div>\n            <\/a>\n\t\t\t\n\t\t\n            <a href=\"https:\/\/control-protection.be\/fr\/difference-calibrer-regler-etalonner\/\" class=\"filter-item\">\n                <p class=\"cat\">M\u00e9trologie<\/p>\n                <img decoding=\"async\" src=\"https:\/\/control-protection.be\/wp-content\/uploads\/2026\/04\/verschil-ijken-calibreren.jpeg\" alt=\"\">    \n                <div class=\"filter-item-text\">\n                    <p class=\"date\">27 avril 2026<\/p>\n                    <h3>Quelle est la diff\u00e9rence entre calibrer, r\u00e9gler et \u00e9talonner ?<\/h3>\n                    <p><\/p>\n                    <p class=\"arrow-btn\">Lire plus<\/p>\n                <\/div>\n            <\/a>\n\t\t\t\n\t\t\n            <a href=\"https:\/\/control-protection.be\/fr\/control-protection-a-indumation\/\" class=\"filter-item\">\n                <p class=\"cat\">M\u00e9trologie<\/p>\n                <img decoding=\"async\" src=\"\" alt=\"\">    \n                <div class=\"filter-item-text\">\n                    <p class=\"date\">18 janvier 2026<\/p>\n                    <h3>Control&amp; Protection \u00e0 Indumation<\/h3>\n                    <p><\/p>\n                    <p class=\"arrow-btn\">Lire plus<\/p>\n                <\/div>\n            <\/a>\n\t\t\t\n\t\t\n            <a href=\"https:\/\/control-protection.be\/fr\/\" class=\"filter-item\">\n                <p class=\"cat\">M\u00e9trologie<\/p>\n                <img decoding=\"async\" src=\"\" alt=\"\">    \n                <div class=\"filter-item-text\">\n                    <p class=\"date\">29 septembre 2025<\/p>\n                    <h3>Control&amp; Protection aux salons professionnels en Flandre<\/h3>\n                    <p><\/p>\n                    <p class=\"arrow-btn\">Lire plus<\/p>\n                <\/div>\n            <\/a>\n\t\t\t\n\t\t\n            <a href=\"https:\/\/control-protection.be\/fr\/seminaire-diagnostic-et-performance-des-moteurs-et-generateurs-electriques\/\" class=\"filter-item\">\n                <p class=\"cat\">M\u00e9trologie<\/p>\n                <img decoding=\"async\" src=\"https:\/\/control-protection.be\/wp-content\/uploads\/2025\/07\/ADX.png\" alt=\"\">    \n                <div class=\"filter-item-text\">\n                    <p class=\"date\">17 juillet 2025<\/p>\n                    <h3>Seminaire: Diagnostic et performance des moteurs et g\u00e9n\u00e9rateurs \u00e9lectriques<\/h3>\n                    <p><p>Mercredi 24 septembre 2025 &#8211; de 8h30 \u00e0 16h30<br \/>\nlocation: Sint-Pieters-Leeuw, Belgium<\/p>\n<\/p>\n                    <p class=\"arrow-btn\">Lire plus<\/p>\n                <\/div>\n            <\/a>\n\t\t\t\n\t\t\n            <a href=\"https:\/\/control-protection.be\/fr\/seminaire-de-megger-mercredi-23-avril\/\" class=\"filter-item\">\n                <p class=\"cat\">FLASH INFO<\/p>\n                <img decoding=\"async\" src=\"https:\/\/control-protection.be\/wp-content\/uploads\/2025\/03\/Megger-Seminarie-23-4.jpg\" alt=\"\">    \n                <div class=\"filter-item-text\">\n                    <p class=\"date\">10 mars 2025<\/p>\n                    <h3>S\u00e9minaire de Megger &#8211; Mercredi 23 Avril<\/h3>\n                    <p><p>lieu&nbsp;: Afspanning De Jachthoorn, Doornstraat 11, 2550 Kontich Entr\u00e9e gratuite (y compris le d\u00e9jeuner sandwich) &#8211; inscription obligatoire via : marketing@control-protection.be en indiquant le nom de l\u2019entreprise, le nom, le num\u00e9ro de t\u00e9l\u00e9phone\/portable, l\u2019adresse e-mail &#8211; pour plus d\u2019informations, cliquez sur => lire plus<\/p>\n<\/p>\n                    <p class=\"arrow-btn\">Lire plus<\/p>\n                <\/div>\n            <\/a>\n\t\t\t\n\t\t\n            <a href=\"https:\/\/control-protection.be\/fr\/machineering\/\" class=\"filter-item\">\n                <p class=\"cat\">FLASH INFO<\/p>\n                <img decoding=\"async\" src=\"https:\/\/control-protection.be\/wp-content\/uploads\/2025\/02\/test2.jpg\" alt=\"\">    \n                <div class=\"filter-item-text\">\n                    <p class=\"date\">04 f\u00e9vrier 2025<\/p>\n                    <h3>MACHINEERING<\/h3>\n                    <p><p>Machines, tools, materials &amp; solutions for advanced manufacturing &amp; engineering du 26 au 28\/03\/2025, C&amp;P Automation sera pr\u00e9sent au stand 918 lieu : Brussels expo<\/p>\n<\/p>\n                    <p class=\"arrow-btn\">Lire plus<\/p>\n                <\/div>\n            <\/a>\n\t\t\t\n\t\t\n            <a href=\"https:\/\/control-protection.be\/fr\/nouveau-ligne-scope-tm\/\" class=\"filter-item\">\n                <p class=\"cat\">FLASH INFO<\/p>\n                <img decoding=\"async\" src=\"https:\/\/control-protection.be\/wp-content\/uploads\/2025\/01\/Schermafbeelding-2025-01-03-110200.jpg\" alt=\"\">    \n                <div class=\"filter-item-text\">\n                    <p class=\"date\">03 janvier 2025<\/p>\n                    <h3>Nouveau ligne! SCOPE T&amp;M<\/h3>\n                    <p><p>La nouvelle ann\u00e9e est arriv\u00e9e et nous avons souvent de bonnes intentions en ce d\u00e9but d\u2019ann\u00e9e. Eh bien, nous voulons toujours offrir \u00e0 nos clients le meilleur service. Pour y r\u00e9pondre encore mieux, nous commen\u00e7ons la nouvelle ann\u00e9e avec une nouvelle ligne.&nbsp; Notre nouvelle ligne s\u2019appelle SCOPE. Qui est SCOPE ? SCOPE est un pionnier [&hellip;]<\/p>\n<\/p>\n                    <p class=\"arrow-btn\">Lire plus<\/p>\n                <\/div>\n            <\/a>\n\t\t\t\n\t\t\n            <a href=\"https:\/\/control-protection.be\/fr\/mr-expo-jan-van-rijswijcklaan-191-te-2020-antwerpen\/\" class=\"filter-item\">\n                <p class=\"cat\">FLASH INFO<\/p>\n                <img decoding=\"async\" src=\"https:\/\/control-protection.be\/wp-content\/uploads\/2025\/02\/Afbeelding1.png\" alt=\"\">    \n                <div class=\"filter-item-text\">\n                    <p class=\"date\">18 d\u00e9cembre 2024<\/p>\n                    <h3>M+R expo \u2013 Jan Van Rijswijcklaan 191 te 2020 Antwerpen<\/h3>\n                    <p><p>Control &amp; Protection sera \u00e0 d\u00e9couvrir les 26 + 27 mars 2025 au stand num\u00e9ro 3179. M+R est le salon de l\u2019automatisation des processus.<\/p>\n<\/p>\n                    <p class=\"arrow-btn\">Lire plus<\/p>\n                <\/div>\n            <\/a>\n\t\t\t\n\t\t\n            <a href=\"https:\/\/control-protection.be\/fr\/control-protection-au-congres-energy-transition\/\" class=\"filter-item\">\n                <p class=\"cat\">Formations &amp; Services<\/p>\n                <img decoding=\"async\" src=\"https:\/\/control-protection.be\/wp-content\/uploads\/2023\/12\/IMG-20231212-WA0004.jpg\" alt=\"\">    \n                <div class=\"filter-item-text\">\n                    <p class=\"date\">18 d\u00e9cembre 2023<\/p>\n                    <h3>Energy Transition Congress &#8211; 11\/12\/2023<\/h3>\n                    <p><p>Control &#038; Protection \u00e9tait, aux c\u00f4t\u00e9s de Luminus et Engie, l&rsquo;un des principaux sponsors du Congr\u00e8s surControl &#038; Protection au congr\u00e8s Energy Transition 2023.<\/p>\n<\/p>\n                    <p class=\"arrow-btn\">Lire plus<\/p>\n                <\/div>\n            <\/a>\n\t\t\t\n\t\t\n            <a href=\"https:\/\/control-protection.be\/fr\/eddy-bernard-en-route\/\" class=\"filter-item\">\n                <p class=\"cat\">Formations &amp; Services<\/p>\n                <img decoding=\"async\" src=\"https:\/\/control-protection.be\/wp-content\/uploads\/2023\/12\/Afbeelding-van-WhatsApp-op-2023-11-30-om-09.14.12_70e7f59f-1.jpg\" alt=\"\">    \n                <div class=\"filter-item-text\">\n                    <p class=\"date\">04 d\u00e9cembre 2023<\/p>\n                    <h3>Eddy &#038; Bernard en route<\/h3>\n                    <p><p>Automation &#038; Metrology en route. Eddy &#038; Bernard ont visit\u00e9 2 expositions au cours de la semaine du 27 novembre 2023.<\/p>\n<\/p>\n                    <p class=\"arrow-btn\">Lire plus<\/p>\n                <\/div>\n            <\/a>\n\t\t\t\n\t\t\n            <a href=\"https:\/\/control-protection.be\/fr\/notre-evenement-de-test-de-transformateur-megger-10-10-2014\/\" class=\"filter-item\">\n                <p class=\"cat\">M\u00e9trologie<\/p>\n                <img decoding=\"async\" src=\"https:\/\/control-protection.be\/wp-content\/uploads\/2023\/11\/Aftermovie-Megger-Test-Event-10102023.png\" alt=\"\">    \n                <div class=\"filter-item-text\">\n                    <p class=\"date\">06 novembre 2023<\/p>\n                    <h3>Notre \u00e9v\u00e9nement de test de transformateur Megger &#8211; 10\/10\/2023<\/h3>\n                    <p><p>Le mardi 10 octobre, notre business unit M\u00e9trologie a organis\u00e9 un Transformer Test Event en collaboration avec Megger. En tant que sp\u00e9cialiste dans distribution d&rsquo;appareils de mesure \u00e9lectrique et de syst\u00e8mes de contr\u00f4le, nous estimons qu&rsquo;il est de notre devoir d&rsquo;informer et d&rsquo;\u00e9duquer les clients sur ce qui se passe dans le domaine de la m\u00e9trologie.<\/p>\n<\/p>\n                    <p class=\"arrow-btn\">Lire plus<\/p>\n                <\/div>\n            <\/a>\n\t\t\t\n\t\t\n            <a href=\"https:\/\/control-protection.be\/fr\/case-2\/\" class=\"filter-item\">\n                <p class=\"cat\">Automation<\/p>\n                <img decoding=\"async\" src=\"https:\/\/control-protection.be\/wp-content\/uploads\/2023\/01\/dashboard-exemple-500x333-1.png\" alt=\"\">    \n                <div class=\"filter-item-text\">\n                    <p class=\"date\">01 janvier 2023<\/p>\n                    <h3>Utilit\u00e9s supervis\u00e9es par iFIX<\/h3>\n                    <p><p>iFIX et Historian contr\u00f4lent et surveillent les utilit\u00e9s de tous les b\u00e2timents d&rsquo;un grand centre hospitalier universitaire fran\u00e7ais dans le sud de la France.<\/p>\n<\/p>\n                    <p class=\"arrow-btn\">Lire plus<\/p>\n                <\/div>\n            <\/a>\n\t\t\t\n\t\t\t<\/div>\n<\/div>    <\/div>\n<\/div><div class=\"rw-boostu-wrapper rw-whitespace\"><\/div><div class=\"rw-boostu-wrapper rw-cta \">\n    <div class=\"wpbf-container\">\n        <div class=\"cta-text\">\n            <h2>Besoin d&rsquo;un conseil sur nos produits ?<\/h2>\n            <div><p>Control &amp; Protection peut vous aider \u00e0 identifier les bonnes solutions pour vos d\u00e9fis. N\u2019h\u00e9sitez pas, dites-nous simplement comment nous pouvons vous aider !<\/p>\n<\/div>\n            <p><a class=\"arrow-btn\" href=\"https:\/\/control-protection.be\/fr\/on-peut-vous-aider\/\" target=\"_self\">Contactez-nous<\/a><\/p>\n        <\/div>\n            <\/div>\n<\/div><\/div>","protected":false},"excerpt":{"rendered":"","protected":false},"author":1,"featured_media":0,"parent":0,"menu_order":0,"comment_status":"closed","ping_status":"closed","template":"","meta":{"_acf_changed":false,"footnotes":""},"class_list":["post-875","page","type-page","status-publish","hentry","wpbf-post"],"acf":[],"yoast_head":"<!-- This site is optimized with the Yoast SEO plugin v27.5 - https:\/\/yoast.com\/product\/yoast-seo-wordpress\/ -->\n<title>Nouvelles | Control &amp; Protection<\/title>\n<meta name=\"robots\" content=\"index, follow, max-snippet:-1, max-image-preview:large, max-video-preview:-1\" \/>\n<link rel=\"canonical\" href=\"https:\/\/control-protection.be\/fr\/nos-references\/\" \/>\n<meta property=\"og:locale\" content=\"fr_FR\" \/>\n<meta property=\"og:type\" content=\"article\" \/>\n<meta property=\"og:title\" content=\"Nouvelles | Control &amp; Protection\" \/>\n<meta property=\"og:url\" content=\"https:\/\/control-protection.be\/fr\/nos-references\/\" \/>\n<meta property=\"og:site_name\" content=\"Control &amp; Protection\" \/>\n<meta property=\"article:modified_time\" content=\"2025-01-03T08:58:57+00:00\" \/>\n<meta property=\"og:image\" content=\"https:\/\/control-protection.be\/wp-content\/uploads\/2023\/01\/Megger-AVO-field-original-original.jpg\" \/>\n\t<meta property=\"og:image:width\" content=\"783\" \/>\n\t<meta property=\"og:image:height\" content=\"522\" \/>\n\t<meta property=\"og:image:type\" content=\"image\/jpeg\" \/>\n<meta name=\"twitter:card\" content=\"summary_large_image\" \/>\n<script type=\"application\/ld+json\" class=\"yoast-schema-graph\">{\"@context\":\"https:\\\/\\\/schema.org\",\"@graph\":[{\"@type\":\"WebPage\",\"@id\":\"https:\\\/\\\/control-protection.be\\\/fr\\\/nos-references\\\/\",\"url\":\"https:\\\/\\\/control-protection.be\\\/fr\\\/nos-references\\\/\",\"name\":\"Nouvelles | Control &amp; Protection\",\"isPartOf\":{\"@id\":\"https:\\\/\\\/control-protection.be\\\/#website\"},\"datePublished\":\"2022-12-07T15:36:01+00:00\",\"dateModified\":\"2025-01-03T08:58:57+00:00\",\"breadcrumb\":{\"@id\":\"https:\\\/\\\/control-protection.be\\\/fr\\\/nos-references\\\/#breadcrumb\"},\"inLanguage\":\"fr-FR\",\"potentialAction\":[{\"@type\":\"ReadAction\",\"target\":[\"https:\\\/\\\/control-protection.be\\\/fr\\\/nos-references\\\/\"]}]},{\"@type\":\"BreadcrumbList\",\"@id\":\"https:\\\/\\\/control-protection.be\\\/fr\\\/nos-references\\\/#breadcrumb\",\"itemListElement\":[{\"@type\":\"ListItem\",\"position\":1,\"name\":\"Home\",\"item\":\"https:\\\/\\\/control-protection.be\\\/fr\\\/\"},{\"@type\":\"ListItem\",\"position\":2,\"name\":\"Nouvelles\"}]},{\"@type\":\"WebSite\",\"@id\":\"https:\\\/\\\/control-protection.be\\\/#website\",\"url\":\"https:\\\/\\\/control-protection.be\\\/\",\"name\":\"Control & Protection\",\"description\":\"Automation and Electrical Test Solutions\",\"publisher\":{\"@id\":\"https:\\\/\\\/control-protection.be\\\/#organization\"},\"potentialAction\":[{\"@type\":\"SearchAction\",\"target\":{\"@type\":\"EntryPoint\",\"urlTemplate\":\"https:\\\/\\\/control-protection.be\\\/?s={search_term_string}\"},\"query-input\":{\"@type\":\"PropertyValueSpecification\",\"valueRequired\":true,\"valueName\":\"search_term_string\"}}],\"inLanguage\":\"fr-FR\"},{\"@type\":\"Organization\",\"@id\":\"https:\\\/\\\/control-protection.be\\\/#organization\",\"name\":\"Control & Protection\",\"url\":\"https:\\\/\\\/control-protection.be\\\/\",\"logo\":{\"@type\":\"ImageObject\",\"inLanguage\":\"fr-FR\",\"@id\":\"https:\\\/\\\/control-protection.be\\\/#\\\/schema\\\/logo\\\/image\\\/\",\"url\":\"https:\\\/\\\/control-protection.be\\\/wp-content\\\/uploads\\\/2022\\\/12\\\/cp_logo.svg\",\"contentUrl\":\"https:\\\/\\\/control-protection.be\\\/wp-content\\\/uploads\\\/2022\\\/12\\\/cp_logo.svg\",\"caption\":\"Control & Protection\"},\"image\":{\"@id\":\"https:\\\/\\\/control-protection.be\\\/#\\\/schema\\\/logo\\\/image\\\/\"},\"sameAs\":[\"https:\\\/\\\/www.linkedin.com\\\/company\\\/control-protection\\\/\"]}]}<\/script>\n<!-- \/ Yoast SEO plugin. -->","yoast_head_json":{"title":"Nouvelles | Control &amp; Protection","robots":{"index":"index","follow":"follow","max-snippet":"max-snippet:-1","max-image-preview":"max-image-preview:large","max-video-preview":"max-video-preview:-1"},"canonical":"https:\/\/control-protection.be\/fr\/nos-references\/","og_locale":"fr_FR","og_type":"article","og_title":"Nouvelles | Control &amp; Protection","og_url":"https:\/\/control-protection.be\/fr\/nos-references\/","og_site_name":"Control &amp; Protection","article_modified_time":"2025-01-03T08:58:57+00:00","og_image":[{"width":783,"height":522,"url":"https:\/\/control-protection.be\/wp-content\/uploads\/2023\/01\/Megger-AVO-field-original-original.jpg","type":"image\/jpeg"}],"twitter_card":"summary_large_image","schema":{"@context":"https:\/\/schema.org","@graph":[{"@type":"WebPage","@id":"https:\/\/control-protection.be\/fr\/nos-references\/","url":"https:\/\/control-protection.be\/fr\/nos-references\/","name":"Nouvelles | Control &amp; Protection","isPartOf":{"@id":"https:\/\/control-protection.be\/#website"},"datePublished":"2022-12-07T15:36:01+00:00","dateModified":"2025-01-03T08:58:57+00:00","breadcrumb":{"@id":"https:\/\/control-protection.be\/fr\/nos-references\/#breadcrumb"},"inLanguage":"fr-FR","potentialAction":[{"@type":"ReadAction","target":["https:\/\/control-protection.be\/fr\/nos-references\/"]}]},{"@type":"BreadcrumbList","@id":"https:\/\/control-protection.be\/fr\/nos-references\/#breadcrumb","itemListElement":[{"@type":"ListItem","position":1,"name":"Home","item":"https:\/\/control-protection.be\/fr\/"},{"@type":"ListItem","position":2,"name":"Nouvelles"}]},{"@type":"WebSite","@id":"https:\/\/control-protection.be\/#website","url":"https:\/\/control-protection.be\/","name":"Control & Protection","description":"Automation and Electrical Test Solutions","publisher":{"@id":"https:\/\/control-protection.be\/#organization"},"potentialAction":[{"@type":"SearchAction","target":{"@type":"EntryPoint","urlTemplate":"https:\/\/control-protection.be\/?s={search_term_string}"},"query-input":{"@type":"PropertyValueSpecification","valueRequired":true,"valueName":"search_term_string"}}],"inLanguage":"fr-FR"},{"@type":"Organization","@id":"https:\/\/control-protection.be\/#organization","name":"Control & Protection","url":"https:\/\/control-protection.be\/","logo":{"@type":"ImageObject","inLanguage":"fr-FR","@id":"https:\/\/control-protection.be\/#\/schema\/logo\/image\/","url":"https:\/\/control-protection.be\/wp-content\/uploads\/2022\/12\/cp_logo.svg","contentUrl":"https:\/\/control-protection.be\/wp-content\/uploads\/2022\/12\/cp_logo.svg","caption":"Control & Protection"},"image":{"@id":"https:\/\/control-protection.be\/#\/schema\/logo\/image\/"},"sameAs":["https:\/\/www.linkedin.com\/company\/control-protection\/"]}]}},"_links":{"self":[{"href":"https:\/\/control-protection.be\/fr\/wp-json\/wp\/v2\/pages\/875","targetHints":{"allow":["GET"]}}],"collection":[{"href":"https:\/\/control-protection.be\/fr\/wp-json\/wp\/v2\/pages"}],"about":[{"href":"https:\/\/control-protection.be\/fr\/wp-json\/wp\/v2\/types\/page"}],"author":[{"embeddable":true,"href":"https:\/\/control-protection.be\/fr\/wp-json\/wp\/v2\/users\/1"}],"replies":[{"embeddable":true,"href":"https:\/\/control-protection.be\/fr\/wp-json\/wp\/v2\/comments?post=875"}],"version-history":[{"count":12,"href":"https:\/\/control-protection.be\/fr\/wp-json\/wp\/v2\/pages\/875\/revisions"}],"predecessor-version":[{"id":5315,"href":"https:\/\/control-protection.be\/fr\/wp-json\/wp\/v2\/pages\/875\/revisions\/5315"}],"wp:attachment":[{"href":"https:\/\/control-protection.be\/fr\/wp-json\/wp\/v2\/media?parent=875"}],"curies":[{"name":"wp","href":"https:\/\/api.w.org\/{rel}","templated":true}]}}