{"id":841,"date":"2022-12-07T16:36:32","date_gmt":"2022-12-07T15:36:32","guid":{"rendered":"https:\/\/control-protection.be\/how-can-we-help\/"},"modified":"2023-03-01T09:52:46","modified_gmt":"2023-03-01T08:52:46","slug":"on-peut-vous-aider","status":"publish","type":"page","link":"https:\/\/control-protection.be\/fr\/on-peut-vous-aider\/","title":{"rendered":"On peut vous aider ?"},"content":{"rendered":"<div class=\"column\">\n\t<div class=\"rw-boostu-wrapper rw-whitespace\"><\/div><div class=\"rw-boostu-wrapper rw-whitespace\"><\/div><div class=\"rw-boostu-wrapper rw-whitespace\"><\/div><div class=\"rw-boostu-wrapper rw-text align-left \">\n    <div class=\"wpbf-container\">\n        <div class=\"text-wrapper\">\n            <h1>On peut vous aider ?<\/h1>\n        <\/div>\n    <\/div>\n<\/div><div class=\"rw-boostu-wrapper rw-shortcode\" id=\"\">\n    <div class=\"wpbf-container\">\n        \n<div class=\"wpcf7 no-js\" id=\"wpcf7-f870-o1\" lang=\"fr-FR\" dir=\"ltr\" data-wpcf7-id=\"870\">\n<div class=\"screen-reader-response\"><p role=\"status\" aria-live=\"polite\" aria-atomic=\"true\"><\/p> <ul><\/ul><\/div>\n<form action=\"\/fr\/wp-json\/wp\/v2\/pages\/841#wpcf7-f870-o1\" method=\"post\" class=\"wpcf7-form init\" aria-label=\"Formulaire de contact\" novalidate=\"novalidate\" data-status=\"init\">\n<fieldset class=\"hidden-fields-container\"><input type=\"hidden\" name=\"_wpcf7\" value=\"870\" \/><input type=\"hidden\" name=\"_wpcf7_version\" value=\"6.1.5\" \/><input type=\"hidden\" name=\"_wpcf7_locale\" value=\"fr_FR\" \/><input type=\"hidden\" name=\"_wpcf7_unit_tag\" value=\"wpcf7-f870-o1\" \/><input type=\"hidden\" name=\"_wpcf7_container_post\" value=\"0\" \/><input type=\"hidden\" name=\"_wpcf7_posted_data_hash\" value=\"\" \/><input type=\"hidden\" name=\"_wpcf7_recaptcha_response\" value=\"\" \/>\n<\/fieldset>\n<div class=\"leadgen\">\n\t<div>\n\t\t<p>Je suis un\n\t\t<\/p>\n\t\t<p><span class=\"wpcf7-form-control-wrap\" data-name=\"am\"><input size=\"40\" maxlength=\"400\" class=\"wpcf7-form-control wpcf7-text wpcf7-validates-as-required\" aria-required=\"true\" aria-invalid=\"false\" placeholder=\"engineer\" value=\"\" type=\"text\" name=\"am\" \/><\/span>\n\t\t<\/p>\n\t\t<p>,\n\t\t<\/p>\n\t<\/div>\n\t<div>\n\t\t<p>Je suis \u00e0 la recherche de\n\t\t<\/p>\n\t\t<p><span class=\"wpcf7-form-control-wrap\" data-name=\"looking\"><input size=\"40\" maxlength=\"400\" class=\"wpcf7-form-control wpcf7-text wpcf7-validates-as-required\" aria-required=\"true\" aria-invalid=\"false\" placeholder=\"un produit\" value=\"\" type=\"text\" name=\"looking\" \/><\/span>\n\t\t<\/p>\n\t\t<p>,\n\t\t<\/p>\n\t<\/div>\n\t<div>\n\t\t<p>J'en ai besoin pour\n\t\t<\/p>\n\t\t<p><span class=\"wpcf7-form-control-wrap\" data-name=\"need\"><input size=\"40\" maxlength=\"400\" class=\"wpcf7-form-control wpcf7-text wpcf7-validates-as-required\" aria-required=\"true\" aria-invalid=\"false\" placeholder=\"mon projet\" value=\"\" type=\"text\" name=\"need\" \/><\/span>\n\t\t<\/p>\n\t\t<p>,\n\t\t<\/p>\n\t<\/div>\n\t<div>\n\t\t<p>Contactez-moi sur (\n\t\t<\/p>\n\t\t<p><span class=\"wpcf7-form-control-wrap\" data-name=\"contact-choice\"><select class=\"wpcf7-form-control wpcf7-select wpcf7-validates-as-required\" aria-required=\"true\" aria-invalid=\"false\" name=\"contact-choice\"><option value=\"Telephone\">Telephone<\/option><option value=\"Email\">Email<\/option><\/select><\/span>\n\t\t<\/p>\n\t\t<p>)\n\t\t<\/p>\n\t\t<p><span class=\"wpcf7-form-control-wrap\" data-name=\"contact\"><input size=\"40\" maxlength=\"400\" class=\"wpcf7-form-control wpcf7-text wpcf7-validates-as-required\" aria-required=\"true\" aria-invalid=\"false\" placeholder=\"Telephone ou email\" value=\"\" type=\"text\" name=\"contact\" \/><\/span>\n\t\t<\/p>\n\t<\/div>\n\t<div class=\"acceptance\">\n\t\t<p><span class=\"wpcf7-form-control-wrap\" data-name=\"acceptance\"><span class=\"wpcf7-form-control wpcf7-acceptance\"><span class=\"wpcf7-list-item\"><label><input type=\"checkbox\" name=\"acceptance\" value=\"1\" aria-invalid=\"false\" \/><span class=\"wpcf7-list-item-label\">En utilisant ce formulaire, j'accepte que mes donn\u00e9es soient stock\u00e9es et trait\u00e9es par ce site web.<\/span><\/label><\/span><\/span><\/span>\n\t\t<\/p>\n\t<\/div>\n\t<div class=\"button-wrapper single\">\n\t\t<p><input class=\"wpcf7-form-control wpcf7-submit has-spinner\" type=\"submit\" value=\"Laissez-nous vous aider\" \/>\n\t\t<\/p>\n\t<\/div>\n<\/div><div class=\"wpcf7-response-output\" aria-hidden=\"true\"><\/div>\n<\/form>\n<\/div>\n    <\/div>\n<\/div><div class=\"rw-boostu-wrapper rw-whitespace\"><\/div><div class=\"rw-boostu-wrapper rw-whitespace\"><\/div><\/div>","protected":false},"excerpt":{"rendered":"","protected":false},"author":1,"featured_media":0,"parent":0,"menu_order":0,"comment_status":"closed","ping_status":"closed","template":"","meta":{"_acf_changed":false,"footnotes":""},"class_list":["post-841","page","type-page","status-publish","hentry","wpbf-post"],"acf":[],"yoast_head":"<!-- This site is optimized with the Yoast SEO plugin v27.3 - https:\/\/yoast.com\/product\/yoast-seo-wordpress\/ -->\n<title>On peut vous aider ? | Control &amp; Protection<\/title>\n<meta name=\"robots\" content=\"index, follow, max-snippet:-1, max-image-preview:large, max-video-preview:-1\" \/>\n<link rel=\"canonical\" href=\"https:\/\/control-protection.be\/fr\/on-peut-vous-aider\/\" \/>\n<meta property=\"og:locale\" content=\"fr_FR\" \/>\n<meta property=\"og:type\" content=\"article\" \/>\n<meta property=\"og:title\" content=\"On peut vous aider ? | Control &amp; Protection\" \/>\n<meta property=\"og:url\" content=\"https:\/\/control-protection.be\/fr\/on-peut-vous-aider\/\" \/>\n<meta property=\"og:site_name\" content=\"Control &amp; Protection\" \/>\n<meta property=\"article:modified_time\" content=\"2023-03-01T08:52:46+00:00\" \/>\n<meta property=\"og:image\" content=\"https:\/\/control-protection.be\/wp-content\/uploads\/2023\/01\/Megger-AVO-field-original-original.jpg\" \/>\n\t<meta property=\"og:image:width\" content=\"783\" \/>\n\t<meta property=\"og:image:height\" content=\"522\" \/>\n\t<meta property=\"og:image:type\" content=\"image\/jpeg\" \/>\n<meta name=\"twitter:card\" content=\"summary_large_image\" \/>\n<script type=\"application\/ld+json\" class=\"yoast-schema-graph\">{\"@context\":\"https:\\\/\\\/schema.org\",\"@graph\":[{\"@type\":\"WebPage\",\"@id\":\"https:\\\/\\\/control-protection.be\\\/fr\\\/on-peut-vous-aider\\\/\",\"url\":\"https:\\\/\\\/control-protection.be\\\/fr\\\/on-peut-vous-aider\\\/\",\"name\":\"On peut vous aider ? | Control &amp; Protection\",\"isPartOf\":{\"@id\":\"https:\\\/\\\/control-protection.be\\\/#website\"},\"datePublished\":\"2022-12-07T15:36:32+00:00\",\"dateModified\":\"2023-03-01T08:52:46+00:00\",\"breadcrumb\":{\"@id\":\"https:\\\/\\\/control-protection.be\\\/fr\\\/on-peut-vous-aider\\\/#breadcrumb\"},\"inLanguage\":\"fr-FR\",\"potentialAction\":[{\"@type\":\"ReadAction\",\"target\":[\"https:\\\/\\\/control-protection.be\\\/fr\\\/on-peut-vous-aider\\\/\"]}]},{\"@type\":\"BreadcrumbList\",\"@id\":\"https:\\\/\\\/control-protection.be\\\/fr\\\/on-peut-vous-aider\\\/#breadcrumb\",\"itemListElement\":[{\"@type\":\"ListItem\",\"position\":1,\"name\":\"Home\",\"item\":\"https:\\\/\\\/control-protection.be\\\/fr\\\/\"},{\"@type\":\"ListItem\",\"position\":2,\"name\":\"On peut vous aider ?\"}]},{\"@type\":\"WebSite\",\"@id\":\"https:\\\/\\\/control-protection.be\\\/#website\",\"url\":\"https:\\\/\\\/control-protection.be\\\/\",\"name\":\"Control & Protection\",\"description\":\"Automation and Electrical Test Solutions\",\"publisher\":{\"@id\":\"https:\\\/\\\/control-protection.be\\\/#organization\"},\"potentialAction\":[{\"@type\":\"SearchAction\",\"target\":{\"@type\":\"EntryPoint\",\"urlTemplate\":\"https:\\\/\\\/control-protection.be\\\/?s={search_term_string}\"},\"query-input\":{\"@type\":\"PropertyValueSpecification\",\"valueRequired\":true,\"valueName\":\"search_term_string\"}}],\"inLanguage\":\"fr-FR\"},{\"@type\":\"Organization\",\"@id\":\"https:\\\/\\\/control-protection.be\\\/#organization\",\"name\":\"Control & Protection\",\"url\":\"https:\\\/\\\/control-protection.be\\\/\",\"logo\":{\"@type\":\"ImageObject\",\"inLanguage\":\"fr-FR\",\"@id\":\"https:\\\/\\\/control-protection.be\\\/#\\\/schema\\\/logo\\\/image\\\/\",\"url\":\"https:\\\/\\\/control-protection.be\\\/wp-content\\\/uploads\\\/2022\\\/12\\\/cp_logo.svg\",\"contentUrl\":\"https:\\\/\\\/control-protection.be\\\/wp-content\\\/uploads\\\/2022\\\/12\\\/cp_logo.svg\",\"caption\":\"Control & Protection\"},\"image\":{\"@id\":\"https:\\\/\\\/control-protection.be\\\/#\\\/schema\\\/logo\\\/image\\\/\"},\"sameAs\":[\"https:\\\/\\\/www.linkedin.com\\\/company\\\/control-protection\\\/\"]}]}<\/script>\n<!-- \/ Yoast SEO plugin. -->","yoast_head_json":{"title":"On peut vous aider ? | Control &amp; Protection","robots":{"index":"index","follow":"follow","max-snippet":"max-snippet:-1","max-image-preview":"max-image-preview:large","max-video-preview":"max-video-preview:-1"},"canonical":"https:\/\/control-protection.be\/fr\/on-peut-vous-aider\/","og_locale":"fr_FR","og_type":"article","og_title":"On peut vous aider ? | Control &amp; Protection","og_url":"https:\/\/control-protection.be\/fr\/on-peut-vous-aider\/","og_site_name":"Control &amp; Protection","article_modified_time":"2023-03-01T08:52:46+00:00","og_image":[{"width":783,"height":522,"url":"https:\/\/control-protection.be\/wp-content\/uploads\/2023\/01\/Megger-AVO-field-original-original.jpg","type":"image\/jpeg"}],"twitter_card":"summary_large_image","schema":{"@context":"https:\/\/schema.org","@graph":[{"@type":"WebPage","@id":"https:\/\/control-protection.be\/fr\/on-peut-vous-aider\/","url":"https:\/\/control-protection.be\/fr\/on-peut-vous-aider\/","name":"On peut vous aider ? | Control &amp; Protection","isPartOf":{"@id":"https:\/\/control-protection.be\/#website"},"datePublished":"2022-12-07T15:36:32+00:00","dateModified":"2023-03-01T08:52:46+00:00","breadcrumb":{"@id":"https:\/\/control-protection.be\/fr\/on-peut-vous-aider\/#breadcrumb"},"inLanguage":"fr-FR","potentialAction":[{"@type":"ReadAction","target":["https:\/\/control-protection.be\/fr\/on-peut-vous-aider\/"]}]},{"@type":"BreadcrumbList","@id":"https:\/\/control-protection.be\/fr\/on-peut-vous-aider\/#breadcrumb","itemListElement":[{"@type":"ListItem","position":1,"name":"Home","item":"https:\/\/control-protection.be\/fr\/"},{"@type":"ListItem","position":2,"name":"On peut vous aider ?"}]},{"@type":"WebSite","@id":"https:\/\/control-protection.be\/#website","url":"https:\/\/control-protection.be\/","name":"Control & Protection","description":"Automation and Electrical Test Solutions","publisher":{"@id":"https:\/\/control-protection.be\/#organization"},"potentialAction":[{"@type":"SearchAction","target":{"@type":"EntryPoint","urlTemplate":"https:\/\/control-protection.be\/?s={search_term_string}"},"query-input":{"@type":"PropertyValueSpecification","valueRequired":true,"valueName":"search_term_string"}}],"inLanguage":"fr-FR"},{"@type":"Organization","@id":"https:\/\/control-protection.be\/#organization","name":"Control & Protection","url":"https:\/\/control-protection.be\/","logo":{"@type":"ImageObject","inLanguage":"fr-FR","@id":"https:\/\/control-protection.be\/#\/schema\/logo\/image\/","url":"https:\/\/control-protection.be\/wp-content\/uploads\/2022\/12\/cp_logo.svg","contentUrl":"https:\/\/control-protection.be\/wp-content\/uploads\/2022\/12\/cp_logo.svg","caption":"Control & Protection"},"image":{"@id":"https:\/\/control-protection.be\/#\/schema\/logo\/image\/"},"sameAs":["https:\/\/www.linkedin.com\/company\/control-protection\/"]}]}},"_links":{"self":[{"href":"https:\/\/control-protection.be\/fr\/wp-json\/wp\/v2\/pages\/841","targetHints":{"allow":["GET"]}}],"collection":[{"href":"https:\/\/control-protection.be\/fr\/wp-json\/wp\/v2\/pages"}],"about":[{"href":"https:\/\/control-protection.be\/fr\/wp-json\/wp\/v2\/types\/page"}],"author":[{"embeddable":true,"href":"https:\/\/control-protection.be\/fr\/wp-json\/wp\/v2\/users\/1"}],"replies":[{"embeddable":true,"href":"https:\/\/control-protection.be\/fr\/wp-json\/wp\/v2\/comments?post=841"}],"version-history":[{"count":4,"href":"https:\/\/control-protection.be\/fr\/wp-json\/wp\/v2\/pages\/841\/revisions"}],"predecessor-version":[{"id":873,"href":"https:\/\/control-protection.be\/fr\/wp-json\/wp\/v2\/pages\/841\/revisions\/873"}],"wp:attachment":[{"href":"https:\/\/control-protection.be\/fr\/wp-json\/wp\/v2\/media?parent=841"}],"curies":[{"name":"wp","href":"https:\/\/api.w.org\/{rel}","templated":true}]}}